{"id":184,"date":"2015-08-10T00:21:46","date_gmt":"2015-08-09T22:21:46","guid":{"rendered":"http:\/\/der-rote-faden.de\/wordpress\/?page_id=184"},"modified":"2022-09-21T04:45:17","modified_gmt":"2022-09-21T02:45:17","slug":"startseite","status":"publish","type":"page","link":"https:\/\/der-rote-faden.de\/wordpress\/","title":{"rendered":"Startseite"},"content":{"rendered":"<div id=\"pl-184\"  class=\"panel-layout\" >\n<div id=\"pg-184-0\"  class=\"panel-grid panel-has-style\"  data-style=\"{&quot;background&quot;:&quot;#ddcece&quot;,&quot;row_stretch&quot;:&quot;full&quot;,&quot;align&quot;:&quot;&quot;,&quot;overlay&quot;:&quot;&quot;}\" >\n<div class=\"siteorigin-panels-stretch panel-row-style panel-row-style-for-184-0\" style=\"padding: 100px 0; \" data-stretch-type=\"full\" data-overlay=\"true\" >\n<div id=\"pgc-184-0-0\"  class=\"panel-grid-cell\"  data-weight=\"1\" >\n<div id=\"panel-184-0-0-0\" class=\"so-panel widget widget_black-studio-tinymce widget_black_studio_tinymce panel-first-child panel-last-child\" data-index=\"0\" data-style=\"{&quot;background_display&quot;:&quot;tile&quot;}\" >\n<div class=\"textwidget\">\n<p><a href=\"https:\/\/der-rote-faden.de\/wordpress\/wp-content\/uploads\/2015\/08\/walkoktober17.jpg\"><img loading=\"lazy\" decoding=\"async\" class=\"alignright  wp-image-1832\" src=\"https:\/\/der-rote-faden.de\/wordpress\/wp-content\/uploads\/2015\/08\/walkoktober17.jpg\" alt=\"\" width=\"467\" height=\"180\" srcset=\"https:\/\/der-rote-faden.de\/wordpress\/wp-content\/uploads\/2015\/08\/walkoktober17.jpg 700w, https:\/\/der-rote-faden.de\/wordpress\/wp-content\/uploads\/2015\/08\/walkoktober17-300x116.jpg 300w, https:\/\/der-rote-faden.de\/wordpress\/wp-content\/uploads\/2015\/08\/walkoktober17-230x89.jpg 230w, https:\/\/der-rote-faden.de\/wordpress\/wp-content\/uploads\/2015\/08\/walkoktober17-350x135.jpg 350w\" sizes=\"auto, (max-width: 467px) 100vw, 467px\" \/><\/a><\/p>\n<h4>Herzlich willkommen in unserem Online-Shop f\u00fcr Stoffe und Schneidereibedarf.<\/h4>\n<p>Wir bieten eine gro\u00dfe Auswahl an hochwertigen Bekleidungsstoffen und N\u00e4hzubeh\u00f6r in sehr breiter Farbpalette zu moderaten Preisen f\u00fcr Privat und f\u00fcr Gewerbliche zu Staffelpreisen. Wir achten auf Schadstofffreiheit und Umweltvertr\u00e4glichkeit und bauen den Anteil an Naturstoffen, Bio- sowie \u00f6ko-tex-zertifizierten Stoffen und N\u00e4hbedarf immer weiter aus. Human\u00f6kologische Aspekte bei Herstellung und Vertrieb stehen bei uns im Vordergrund.<\/p>\n<p><span style=\"border-radius: 2px; text-indent: 20px; width: auto; padding: 0px 4px 0px 0px; text-align: center; font: bold 11px\/20px 'Helvetica Neue',Helvetica,sans-serif; color: #ffffff; background: #bd081c  no-repeat scroll 3px 50% \/ 14px 14px; position: absolute; opacity: 1; z-index: 8675309; display: none; cursor: pointer; top: 34px; left: 687px;\">Merken<\/span><\/p>\n<\/div>\n<\/div>\n<\/div>\n<\/div>\n<\/div>\n<div id=\"pg-184-1\"  class=\"panel-grid panel-has-style\"  data-style=\"{&quot;row_stretch&quot;:&quot;full&quot;,&quot;bottom_border&quot;:&quot;#000000&quot;,&quot;align&quot;:&quot;&quot;,&quot;overlay&quot;:&quot;&quot;}\" >\n<div class=\"siteorigin-panels-stretch panel-row-style panel-row-style-for-184-1\" style=\"border-bottom: 1px solid #000000;padding: 100px 0; \" data-stretch-type=\"full\" data-overlay=\"true\" >\n<div id=\"pgc-184-1-0\"  class=\"panel-grid-cell\"  data-weight=\"1\" >\n<div id=\"panel-184-1-0-0\" class=\"so-panel widget widget_sydney_latest_news sydney_latest_news_widget panel-first-child panel-last-child\" data-index=\"1\" data-style=\"{&quot;background_display&quot;:&quot;center&quot;}\" >[siteorigin_widget class=&#8220;Sydney_Latest_News&#8220;]<input type=\"hidden\" value=\"{&quot;instance&quot;:{&quot;title&quot;:&quot;letzte Beitr\u00e4ge&quot;,&quot;category&quot;:&quot;beitraege&quot;,&quot;see_all_text&quot;:&quot;alle Beitr\u00e4ge&quot;,&quot;so_sidebar_emulator_id&quot;:&quot;sydney_latest_news-18410001&quot;,&quot;option_name&quot;:&quot;widget_sydney_latest_news&quot;},&quot;args&quot;:{&quot;before_widget&quot;:&quot;&lt;div id=\\&quot;panel-184-1-0-0\\&quot; class=\\&quot;so-panel widget widget_sydney_latest_news sydney_latest_news_widget panel-first-child panel-last-child\\&quot; data-index=\\&quot;1\\&quot; data-style=\\&quot;{&amp;quot;background_display&amp;quot;:&amp;quot;center&amp;quot;}\\&quot; &gt;&quot;,&quot;after_widget&quot;:&quot;&lt;\\\/div&gt;&quot;,&quot;before_title&quot;:&quot;&lt;h3 class=\\&quot;widget-title\\&quot;&gt;&quot;,&quot;after_title&quot;:&quot;&lt;\\\/h3&gt;&quot;,&quot;widget_id&quot;:&quot;widget-1-0-0&quot;}}\" \/>[\/siteorigin_widget]<\/div>\n<\/div>\n<\/div>\n<\/div>\n<div id=\"pg-184-2\"  class=\"panel-grid panel-has-style\"  data-style=\"{&quot;background&quot;:&quot;#ddcece&quot;,&quot;row_stretch&quot;:&quot;full&quot;,&quot;bottom_border&quot;:&quot;#000000&quot;,&quot;align&quot;:&quot;&quot;,&quot;overlay&quot;:&quot;&quot;}\" >\n<div class=\"siteorigin-panels-stretch panel-row-style panel-row-style-for-184-2\" style=\"border-bottom: 1px solid #000000;padding: 100px 0; \" data-stretch-type=\"full\" data-overlay=\"true\" >\n<div id=\"pgc-184-2-0\"  class=\"panel-grid-cell\"  data-weight=\"0.25\" >\n<div id=\"panel-184-2-0-0\" class=\"so-panel widget widget_black-studio-tinymce widget_black_studio_tinymce panel-first-child panel-last-child\" data-index=\"2\" data-style=\"{&quot;background_image_attachment&quot;:false,&quot;background_display&quot;:&quot;tile&quot;,&quot;content_alignment&quot;:&quot;left&quot;,&quot;title_color&quot;:&quot;#443f3f&quot;,&quot;headings_color&quot;:&quot;#443f3f&quot;}\" >\n<div style=\"text-align: left;\" data-title-color=\"#443f3f\" data-headings-color=\"#443f3f\" class=\"panel-widget-style panel-widget-style-for-184-2-0-0\" >\n<h3 class=\"widget-title\">Standard stoffe<\/h3>\n<div class=\"textwidget\"><a href=\"https:\/\/der-rote-faden.de\/Stoffe\/Stoffe-uniBasics\/\" target=\"_blank\" rel=\"noopener\"><img loading=\"lazy\" decoding=\"async\" class=\"aligncenter wp-image-203 size-full\" src=\"https:\/\/der-rote-faden.de\/wordpress\/wp-content\/uploads\/2015\/08\/schneidereibedarf-stoffe-kurzwaren-naehzubehoer.jpg\" alt=\"schneidereibedarf-stoffe-kurzwaren-naehzubehoer\" width=\"150\" height=\"150\" \/><\/a><\/p>\n<p>nicht gemustert, in vielen Farben, \u00fcber l\u00e4ngere Zeit nachlieferbar: Baumwollstoffe, Seide, Wollstoffe, Leinen, Jersey, Chiffon, Canvas, Lycra, Gabardine, Popeline, Spitze, Sweatshirt\/Joggingstoffe u.v.m<\/p><\/div>\n<\/div>\n<\/div>\n<\/div>\n<div id=\"pgc-184-2-1\"  class=\"panel-grid-cell\"  data-weight=\"0.25\" >\n<div id=\"panel-184-2-1-0\" class=\"so-panel widget widget_black-studio-tinymce widget_black_studio_tinymce panel-first-child panel-last-child\" data-index=\"3\" data-style=\"{&quot;background_image_attachment&quot;:false,&quot;background_display&quot;:&quot;tile&quot;,&quot;content_alignment&quot;:&quot;left&quot;,&quot;title_color&quot;:&quot;#443f3f&quot;,&quot;headings_color&quot;:&quot;#443f3f&quot;}\" >\n<div style=\"text-align: left;\" data-title-color=\"#443f3f\" data-headings-color=\"#443f3f\" class=\"panel-widget-style panel-widget-style-for-184-2-1-0\" >\n<h3 class=\"widget-title\">Modestoffe Abend<\/h3>\n<div class=\"textwidget\"><a href=\"https:\/\/der-rote-faden.de\/Stoffe\/Modestoffe-gemustert\/Modestoffe-Festlich\/\" target=\"_blank\" rel=\"noopener\"><img loading=\"lazy\" decoding=\"async\" class=\"aligncenter wp-image-205 size-full\" src=\"https:\/\/der-rote-faden.de\/wordpress\/wp-content\/uploads\/2015\/08\/abendstoffe-cocktailtaft-Perlnenstoffe-Pailettenstoffe.jpg\" alt=\"abendstoffe-cocktailtaft-Perlenstoffe-Pailettenstoffe\" width=\"150\" height=\"150\" \/><\/a><\/p>\n<p>Hochwertige Stoffe f\u00fcr Abend- und Brautkleider, Meterware teilweise aus Couture-\u00dcberh\u00e4ngen, zu g\u00fcnstigen Preisen, gemustert oder mit leichten Strukturen k\u00f6nnt ihr hier online g\u00fcnstig kaufen.<\/p><\/div>\n<\/div>\n<\/div>\n<\/div>\n<div id=\"pgc-184-2-2\"  class=\"panel-grid-cell\"  data-weight=\"0.25\" >\n<div id=\"panel-184-2-2-0\" class=\"so-panel widget widget_black-studio-tinymce widget_black_studio_tinymce panel-first-child panel-last-child\" data-index=\"4\" data-style=\"{&quot;background_image_attachment&quot;:false,&quot;background_display&quot;:&quot;tile&quot;,&quot;content_alignment&quot;:&quot;left&quot;,&quot;title_color&quot;:&quot;#443f3f&quot;,&quot;headings_color&quot;:&quot;#443f3f&quot;}\" >\n<div style=\"text-align: left;\" data-title-color=\"#443f3f\" data-headings-color=\"#443f3f\" class=\"panel-widget-style panel-widget-style-for-184-2-2-0\" >\n<h3 class=\"widget-title\">Modestoffe Sommer<\/h3>\n<div class=\"textwidget\"><a href=\"https:\/\/der-rote-faden.de\/Stoffe\/Modestoffe-gemustert\/Modestoffe-Fruehjahr-Sommer\/\" target=\"_blank\" rel=\"noopener\"><img loading=\"lazy\" decoding=\"async\" class=\" size-full wp-image-208 aligncenter\" src=\"http:\/\/der-rote-faden.de\/wordpress\/wp-content\/uploads\/2015\/08\/trendstoffe-designerstoffe-fuer-sommer-fruehjahr.jpg\" alt=\"trendstoffe-designerstoffe-fuer-sommer-fruehjahr\" width=\"150\" height=\"150\" \/><\/a><\/p>\n<p>bunt gemusterte Bekleidungsstoffe der aktuellen Sommermode. K\u00fchler Baumwoll-Batist und Leinen, Popeline, Bio-Jerseystoffe, Elastic-Satin, Chiffon, Jeansstoffe leichter Strick und mehr, die ihr hier online g\u00fcnstig kaufen k\u00f6nnt.<\/p><\/div>\n<\/div>\n<\/div>\n<\/div>\n<div id=\"pgc-184-2-3\"  class=\"panel-grid-cell\"  data-weight=\"0.25\" >\n<div id=\"panel-184-2-3-0\" class=\"so-panel widget widget_black-studio-tinymce widget_black_studio_tinymce panel-first-child panel-last-child\" data-index=\"5\" data-style=\"{&quot;background_image_attachment&quot;:false,&quot;background_display&quot;:&quot;tile&quot;,&quot;content_alignment&quot;:&quot;left&quot;,&quot;title_color&quot;:&quot;#443f3f&quot;,&quot;headings_color&quot;:&quot;#443f3f&quot;}\" >\n<div style=\"text-align: left;\" data-title-color=\"#443f3f\" data-headings-color=\"#443f3f\" class=\"panel-widget-style panel-widget-style-for-184-2-3-0\" >\n<h3 class=\"widget-title\">Modestoffe Winter<\/h3>\n<div class=\"textwidget\"><a href=\"https:\/\/der-rote-faden.de\/Stoffe\/Modestoffe-gemustert\/Modestoffe-Herbst-Winter\/\" target=\"_blank\" rel=\"noopener\"><img loading=\"lazy\" decoding=\"async\" class=\"aligncenter wp-image-209 size-full\" src=\"https:\/\/der-rote-faden.de\/wordpress\/wp-content\/uploads\/2015\/08\/modestoffe-winter-und-herbst-designerstoffe.jpg\" alt=\"modestoffe-winter-und-herbst-designerstoffe\" width=\"150\" height=\"150\" \/><\/a><\/p>\n<p>Strickstoffe, Mantelstoffe, fake fur, Romanit-Jersey, oft gemustert oder interessante Stoffstrukturen wie Noppen, Boucl\u00e9\u2026\u00a0 k\u00f6nnt ihr hier g\u00fcnstig online kaufen, aber nur, solange Vorrat reicht, da es sich um Stoffe der aktuellen Saison handelt.<\/p><\/div>\n<\/div>\n<\/div>\n<\/div>\n<\/div>\n<\/div>\n<div id=\"pg-184-3\"  class=\"panel-grid panel-has-style\"  data-style=\"{&quot;padding&quot;:&quot;200px&quot;,&quot;row_stretch&quot;:&quot;full&quot;,&quot;cell_alignment&quot;:&quot;flex-start&quot;,&quot;align&quot;:&quot;&quot;,&quot;background_image&quot;:&quot;335&quot;,&quot;background_image_fallback&quot;:false,&quot;overlay&quot;:&quot;&quot;,&quot;overlay_color&quot;:&quot;#000000&quot;}\" >\n<div class=\"siteorigin-panels-stretch panel-row-style panel-row-style-for-184-3\" style=\"background-image: url(https:\/\/der-rote-faden.de\/wordpress\/wp-content\/uploads\/2015\/08\/tailors-chalk-517030_1920.jpg);padding: 200px 0; \" data-stretch-type=\"full\" data-hasbg=\"hasbg\" data-overlay=\"true\" data-overlay-color=\"#000000\" >\n<div id=\"pgc-184-3-0\"  class=\"panel-grid-cell panel-grid-cell-empty\"  data-weight=\"1\" ><\/div>\n<\/div>\n<\/div>\n<div id=\"pg-184-4\"  class=\"panel-grid panel-has-style\"  data-style=\"{&quot;background&quot;:&quot;#ffffff&quot;,&quot;row_stretch&quot;:&quot;full&quot;,&quot;align&quot;:&quot;&quot;,&quot;overlay&quot;:&quot;&quot;}\" >\n<div class=\"siteorigin-panels-stretch panel-row-style panel-row-style-for-184-4\" style=\"padding: 100px 0; \" data-stretch-type=\"full\" data-overlay=\"true\" >\n<div id=\"pgc-184-4-0\"  class=\"panel-grid-cell\"  data-weight=\"1\" >\n<div id=\"panel-184-4-0-0\" class=\"so-panel widget widget_sydney_services_type_b sydney_services_b_widget panel-first-child panel-last-child\" data-index=\"6\" data-style=\"{&quot;background_display&quot;:&quot;tile&quot;}\" >[siteorigin_widget class=&#8220;Sydney_Services_Type_B&#8220;]<input type=\"hidden\" value=\"{&quot;instance&quot;:{&quot;title&quot;:&quot;Kontakt&quot;,&quot;number&quot;:&quot;-1&quot;,&quot;see_all&quot;:&quot;&quot;,&quot;see_all_text&quot;:&quot;&quot;,&quot;category&quot;:&quot;&quot;,&quot;cols&quot;:&quot;3&quot;,&quot;so_sidebar_emulator_id&quot;:&quot;sydney_services_type_b-18410006&quot;,&quot;option_name&quot;:&quot;widget_sydney_services_type_b&quot;},&quot;args&quot;:{&quot;before_widget&quot;:&quot;&lt;div id=\\&quot;panel-184-4-0-0\\&quot; class=\\&quot;so-panel widget widget_sydney_services_type_b sydney_services_b_widget panel-first-child panel-last-child\\&quot; data-index=\\&quot;6\\&quot; data-style=\\&quot;{&amp;quot;background_display&amp;quot;:&amp;quot;tile&amp;quot;}\\&quot; &gt;&quot;,&quot;after_widget&quot;:&quot;&lt;\\\/div&gt;&quot;,&quot;before_title&quot;:&quot;&lt;h3 class=\\&quot;widget-title\\&quot;&gt;&quot;,&quot;after_title&quot;:&quot;&lt;\\\/h3&gt;&quot;,&quot;widget_id&quot;:&quot;widget-4-0-0&quot;}}\" \/>[\/siteorigin_widget]<\/div>\n<\/div>\n<\/div>\n<\/div>\n<div id=\"pg-184-5\"  class=\"panel-grid panel-has-style\"  data-style=\"{&quot;background&quot;:&quot;#ddcece&quot;,&quot;row_stretch&quot;:&quot;full&quot;,&quot;align&quot;:&quot;&quot;,&quot;color&quot;:&quot;#f7f7f7&quot;,&quot;overlay&quot;:&quot;&quot;}\" >\n<div class=\"siteorigin-panels-stretch panel-row-style panel-row-style-for-184-5\" style=\"color: #f7f7f7;padding: 100px 0; \" data-stretch-type=\"full\" data-hascolor=\"hascolor\" data-overlay=\"true\" >\n<div id=\"pgc-184-5-0\"  class=\"panel-grid-cell\"  data-weight=\"1\" >\n<div id=\"panel-184-5-0-0\" class=\"so-panel widget widget_text panel-first-child\" data-index=\"7\" data-style=\"{&quot;background_display&quot;:&quot;tile&quot;,&quot;font_color&quot;:&quot;#000000&quot;}\" >\n<div class=\"panel-widget-style panel-widget-style-for-184-5-0-0\" >\n<h3 class=\"widget-title\">Anfahrt<\/h3>\n<div class=\"textwidget\"><\/div>\n<\/p><\/div>\n<\/div>\n<div id=\"panel-184-5-0-1\" class=\"so-panel widget widget_sow-google-map panel-last-child\" data-index=\"8\" data-style=\"{&quot;background_display&quot;:&quot;tile&quot;}\" >[siteorigin_widget class=&#8220;SiteOrigin_Widget_GoogleMap_Widget&#8220;]<input type=\"hidden\" value=\"{&quot;instance&quot;:{&quot;map_center&quot;:&quot;aachen, johanniterstr. 2-4&quot;,&quot;settings&quot;:{&quot;map_type&quot;:&quot;interactive&quot;,&quot;width&quot;:&quot;640&quot;,&quot;height&quot;:&quot;480&quot;,&quot;zoom&quot;:16,&quot;scroll_zoom&quot;:&quot;&quot;,&quot;draggable&quot;:true},&quot;markers&quot;:{&quot;marker_at_center&quot;:true,&quot;marker_icon&quot;:&quot;&quot;,&quot;markers_draggable&quot;:true},&quot;styles&quot;:{&quot;style_method&quot;:&quot;normal&quot;,&quot;styled_map_name&quot;:&quot;&quot;,&quot;raw_json_map_styles&quot;:&quot;&quot;},&quot;directions&quot;:{&quot;origin&quot;:&quot;&quot;,&quot;destination&quot;:&quot;&quot;,&quot;travel_mode&quot;:&quot;driving&quot;,&quot;avoid_highways&quot;:&quot;&quot;,&quot;avoid_tolls&quot;:&quot;&quot;,&quot;optimize_waypoints&quot;:&quot;&quot;},&quot;api_key_section&quot;:{&quot;api_key&quot;:&quot;&quot;},&quot;so_sidebar_emulator_id&quot;:&quot;sow-google-map-18410008&quot;,&quot;option_name&quot;:&quot;widget_sow-google-map&quot;},&quot;args&quot;:{&quot;before_widget&quot;:&quot;&lt;div id=\\&quot;panel-184-5-0-1\\&quot; class=\\&quot;so-panel widget widget_sow-google-map panel-last-child\\&quot; data-index=\\&quot;8\\&quot; data-style=\\&quot;{&amp;quot;background_display&amp;quot;:&amp;quot;tile&amp;quot;}\\&quot; &gt;&quot;,&quot;after_widget&quot;:&quot;&lt;\\\/div&gt;&quot;,&quot;before_title&quot;:&quot;&lt;h3 class=\\&quot;widget-title\\&quot;&gt;&quot;,&quot;after_title&quot;:&quot;&lt;\\\/h3&gt;&quot;,&quot;widget_id&quot;:&quot;widget-5-0-1&quot;}}\" \/>[\/siteorigin_widget]<\/div>\n<\/div>\n<\/div>\n<\/div>\n<\/div>\n","protected":false},"excerpt":{"rendered":"<p>Herzlich willkommen in unserem Online-Shop f\u00fcr Stoffe und Schneidereibedarf. Wir bieten eine gro\u00dfe Auswahl an hochwertigen Bekleidungsstoffen und N\u00e4hzubeh\u00f6r in sehr breiter Farbpalette zu moderaten Preisen f\u00fcr Privat und f\u00fcr Gewerbliche zu Staffelpreisen. Wir achten auf Schadstofffreiheit und Umweltvertr\u00e4glichkeit und bauen den Anteil an Naturstoffen, Bio- sowie \u00f6ko-tex-zertifizierten Stoffen und N\u00e4hbedarf immer weiter aus. Human\u00f6kologische Aspekte bei Herstellung und Vertrieb stehen bei uns im Vordergrund. Merken [siteorigin_widget class=&#8220;Sydney_Latest_News&#8220;][\/siteorigin_widget] Standard stoffe nicht gemustert, in vielen Farben, \u00fcber l\u00e4ngere Zeit nachlieferbar: Baumwollstoffe, Seide, Wollstoffe, Leinen, Jersey, Chiffon, Canvas, Lycra, Gabardine, Popeline, Spitze, Sweatshirt\/Joggingstoffe u.v.m Modestoffe Abend Hochwertige Stoffe f\u00fcr Abend- und Brautkleider, [&hellip;]<\/p>\n","protected":false},"author":1,"featured_media":0,"parent":0,"menu_order":0,"comment_status":"open","ping_status":"closed","template":"page-templates\/page_front-page.php","meta":{"footnotes":""},"class_list":["post-184","page","type-page","status-publish","hentry"],"_links":{"self":[{"href":"https:\/\/der-rote-faden.de\/wordpress\/wp-json\/wp\/v2\/pages\/184","targetHints":{"allow":["GET"]}}],"collection":[{"href":"https:\/\/der-rote-faden.de\/wordpress\/wp-json\/wp\/v2\/pages"}],"about":[{"href":"https:\/\/der-rote-faden.de\/wordpress\/wp-json\/wp\/v2\/types\/page"}],"author":[{"embeddable":true,"href":"https:\/\/der-rote-faden.de\/wordpress\/wp-json\/wp\/v2\/users\/1"}],"replies":[{"embeddable":true,"href":"https:\/\/der-rote-faden.de\/wordpress\/wp-json\/wp\/v2\/comments?post=184"}],"version-history":[{"count":102,"href":"https:\/\/der-rote-faden.de\/wordpress\/wp-json\/wp\/v2\/pages\/184\/revisions"}],"predecessor-version":[{"id":3569,"href":"https:\/\/der-rote-faden.de\/wordpress\/wp-json\/wp\/v2\/pages\/184\/revisions\/3569"}],"wp:attachment":[{"href":"https:\/\/der-rote-faden.de\/wordpress\/wp-json\/wp\/v2\/media?parent=184"}],"curies":[{"name":"wp","href":"https:\/\/api.w.org\/{rel}","templated":true}]}}